{"id":1680,"date":"2023-07-03T17:30:33","date_gmt":"2023-07-03T15:30:33","guid":{"rendered":"https:\/\/sanopack.com\/aviso-legal\/"},"modified":"2025-07-27T11:11:30","modified_gmt":"2025-07-27T09:11:30","slug":"avis-legal","status":"publish","type":"page","link":"https:\/\/sanopack.com\/ca\/avis-legal\/","title":{"rendered":"Av\u00eds legal"},"content":{"rendered":"\n<p>SANOPACK, S.L. amb NIF \u2013 B17791716, C\/ Tarragona, 80 (Pol. Ind. Casa Nova), 17181 Aiguaviva (Girona) i inscrita al Registre Mercantil de Girona, Tom 2094, Llibre 0, Foli 1, Full GI-35227, Insc. il\u00b7l\u00edcit de la informaci\u00f3 apareguda a les p\u00e0gines d&#8217;Internet de www.sanopack.com<\/p>\n\n\n\n<p>L&#8217;usuari respondr\u00e0 dels danys i els perjudicis que SANOPACK, S.L. pugui patir com a conseq\u00fc\u00e8ncia de l&#8217;incompliment, per part de l&#8217;usuari, de les recomanacions indicades relativa a l&#8217;\u00fas del web.<\/p>\n\n\n\n<p>Amb els l\u00edmits establerts a la llei, www.sanopack.com no assumeix cap responsabilitat derivada de la manca de veracitat, integritat, actualitzaci\u00f3 i precisi\u00f3 de les dades o informacions que es contenen a les p\u00e0gines d&#8217;Internet.<\/p>\n\n\n\n<p>Les p\u00e0gines d&#8217;Internet de www.sanopack.com poden contenir enlla\u00e7os a altres p\u00e0gines de terceres parts que www.sanopack.com no pot controlar. O tamb\u00e9 pot ser el cas que aquesta p\u00e0gina sigui la destinaci\u00f3 de l&#8217;enlla\u00e7 introdu\u00eft a una altra p\u00e0gina sense que hi hagi cap relaci\u00f3 entre elles. Per tant, www.sanopack.com no pot assumir responsabilitats pel contingut que pugui apar\u00e8ixer a p\u00e0gines de tercers.<\/p>\n\n\n\n<p>SANOPACK, S.L. no es fa responsable dels danys i perjudicis directes o indirectes, inclosos els danys a sistemes inform\u00e0tics i la introducci\u00f3 de virus existents a la xarxa, derivats de la navegaci\u00f3 per Internet necess\u00e0ria per a l&#8217;\u00fas d&#8217;aquest lloc web. Tampoc garanteix la continu\u00eftat del funcionament del lloc web igual que aquest es trobe en tot moment operatiu i disponible.<\/p>\n\n\n\n<p>Els textos, imatges, sons, animacions, programari i la resta de continguts inclosos en aquest lloc web s\u00f3n propietat exclusiva de www.sanopack.com o els seus llicenciants. Qualsevol acte de transmissi\u00f3, distribuci\u00f3, cessi\u00f3, reproducci\u00f3, emmagatzematge o comunicaci\u00f3 p\u00fablica total o parcial, ha de comptar amb el consentiment expr\u00e9s de www.sanopack.com<\/p>\n\n\n\n<p>Aix\u00ed mateix, per accedir a alguns dels serveis que www.sanopack.com ofereix a trav\u00e9s del website haur\u00e0 de proporcionar algunes dades de car\u00e0cter personal. En compliment del que estableix el Reglament (UE) 2016\/679 del Parlament Europeu i del Consell, de 27 d&#8217;abril de 2016, relatiu a la protecci\u00f3 de les persones f\u00edsiques pel que fa al tractament de dades personals ia la lliure circulaci\u00f3 d&#8217;aquestes dades us informem que, mitjan\u00e7ant l&#8217;emplenament dels presents formularis, les vostres dades personals quedaran incorporades. per tal de poder-vos prestar i oferir els nostres serveis aix\u00ed com per informar-vos de les millores del lloc web. Aix\u00ed mateix, us informem de la possibilitat que exerceixi els drets d&#8217;acc\u00e9s, rectificaci\u00f3, supressi\u00f3, limitaci\u00f3, portabilitat i oposici\u00f3, de les vostres dades de car\u00e0cter personal, dirigint la vostra petici\u00f3 al correu electr\u00f2nic: adm@sanopack.com<\/p>\n","protected":false},"excerpt":{"rendered":"<p>SANOPACK, S.L. amb NIF \u2013 B17791716, C\/ Tarragona, 80 (Pol. Ind. Casa Nova), 17181 Aiguaviva (Girona) i inscrita al Registre Mercantil de Girona, Tom 2094, Llibre 0, Foli 1, Full GI-35227, Insc. il\u00b7l\u00edcit de la informaci\u00f3 apareguda a les p\u00e0gines d&#8217;Internet de www.sanopack.com L&#8217;usuari respondr\u00e0 dels danys i els perjudicis que SANOPACK, S.L. pugui patir [&hellip;]<\/p>\n","protected":false},"author":1,"featured_media":0,"parent":0,"menu_order":0,"comment_status":"closed","ping_status":"closed","template":"","meta":{"footnotes":""},"class_list":["post-1680","page","type-page","status-publish","hentry"],"yoast_head":"<!-- This site is optimized with the Yoast SEO plugin v26.3 - https:\/\/yoast.com\/wordpress\/plugins\/seo\/ -->\n<title>Av\u00eds legal - Sanopack Innovation<\/title>\n<meta name=\"robots\" content=\"index, follow, max-snippet:-1, max-image-preview:large, max-video-preview:-1\" \/>\n<link rel=\"canonical\" href=\"https:\/\/sanopack.com\/ca\/avis-legal\/\" \/>\n<meta property=\"og:locale\" content=\"ca_ES\" \/>\n<meta property=\"og:type\" content=\"article\" \/>\n<meta property=\"og:title\" content=\"Av\u00eds legal - Sanopack Innovation\" \/>\n<meta property=\"og:description\" content=\"SANOPACK, S.L. amb NIF \u2013 B17791716, C\/ Tarragona, 80 (Pol. Ind. Casa Nova), 17181 Aiguaviva (Girona) i inscrita al Registre Mercantil de Girona, Tom 2094, Llibre 0, Foli 1, Full GI-35227, Insc. il\u00b7l\u00edcit de la informaci\u00f3 apareguda a les p\u00e0gines d&#8217;Internet de www.sanopack.com L&#8217;usuari respondr\u00e0 dels danys i els perjudicis que SANOPACK, S.L. pugui patir [&hellip;]\" \/>\n<meta property=\"og:url\" content=\"https:\/\/sanopack.com\/ca\/avis-legal\/\" \/>\n<meta property=\"og:site_name\" content=\"Sanopack Innovation\" \/>\n<meta property=\"article:modified_time\" content=\"2025-07-27T09:11:30+00:00\" \/>\n<meta name=\"twitter:card\" content=\"summary_large_image\" \/>\n<meta name=\"twitter:label1\" content=\"Temps estimat de lectura\" \/>\n\t<meta name=\"twitter:data1\" content=\"2 minuts\" \/>\n<script type=\"application\/ld+json\" class=\"yoast-schema-graph\">{\"@context\":\"https:\/\/schema.org\",\"@graph\":[{\"@type\":\"WebPage\",\"@id\":\"https:\/\/sanopack.com\/ca\/avis-legal\/\",\"url\":\"https:\/\/sanopack.com\/ca\/avis-legal\/\",\"name\":\"Av\u00eds legal - Sanopack Innovation\",\"isPartOf\":{\"@id\":\"https:\/\/sanopack.com\/#website\"},\"datePublished\":\"2023-07-03T15:30:33+00:00\",\"dateModified\":\"2025-07-27T09:11:30+00:00\",\"breadcrumb\":{\"@id\":\"https:\/\/sanopack.com\/ca\/avis-legal\/#breadcrumb\"},\"inLanguage\":\"ca\",\"potentialAction\":[{\"@type\":\"ReadAction\",\"target\":[\"https:\/\/sanopack.com\/ca\/avis-legal\/\"]}]},{\"@type\":\"BreadcrumbList\",\"@id\":\"https:\/\/sanopack.com\/ca\/avis-legal\/#breadcrumb\",\"itemListElement\":[{\"@type\":\"ListItem\",\"position\":1,\"name\":\"Portada\",\"item\":\"https:\/\/sanopack.com\/\"},{\"@type\":\"ListItem\",\"position\":2,\"name\":\"Av\u00eds legal\"}]},{\"@type\":\"WebSite\",\"@id\":\"https:\/\/sanopack.com\/#website\",\"url\":\"https:\/\/sanopack.com\/\",\"name\":\"Sanopack Innovation\",\"description\":\"Sanopack Innovation es una consultora y empresa de I+D que desarrolla soluciones de packaging y papeles alimentarios, protectores y circulares para la industria alimentaria y de la salud.\",\"publisher\":{\"@id\":\"https:\/\/sanopack.com\/#organization\"},\"potentialAction\":[{\"@type\":\"SearchAction\",\"target\":{\"@type\":\"EntryPoint\",\"urlTemplate\":\"https:\/\/sanopack.com\/?s={search_term_string}\"},\"query-input\":{\"@type\":\"PropertyValueSpecification\",\"valueRequired\":true,\"valueName\":\"search_term_string\"}}],\"inLanguage\":\"ca\"},{\"@type\":\"Organization\",\"@id\":\"https:\/\/sanopack.com\/#organization\",\"name\":\"Sanopack Innovation\",\"url\":\"https:\/\/sanopack.com\/\",\"logo\":{\"@type\":\"ImageObject\",\"inLanguage\":\"ca\",\"@id\":\"https:\/\/sanopack.com\/#\/schema\/logo\/image\/\",\"url\":\"https:\/\/sanopack.com\/wp-content\/uploads\/2023\/11\/sanopack.png\",\"contentUrl\":\"https:\/\/sanopack.com\/wp-content\/uploads\/2023\/11\/sanopack.png\",\"width\":249,\"height\":73,\"caption\":\"Sanopack Innovation\"},\"image\":{\"@id\":\"https:\/\/sanopack.com\/#\/schema\/logo\/image\/\"},\"sameAs\":[\"https:\/\/www.instagram.com\/sanopackinnovation\/\",\"https:\/\/www.linkedin.com\/company\/sanopackinnovation\/\"]}]}<\/script>\n<!-- \/ Yoast SEO plugin. -->","yoast_head_json":{"title":"Av\u00eds legal - Sanopack Innovation","robots":{"index":"index","follow":"follow","max-snippet":"max-snippet:-1","max-image-preview":"max-image-preview:large","max-video-preview":"max-video-preview:-1"},"canonical":"https:\/\/sanopack.com\/ca\/avis-legal\/","og_locale":"ca_ES","og_type":"article","og_title":"Av\u00eds legal - Sanopack Innovation","og_description":"SANOPACK, S.L. amb NIF \u2013 B17791716, C\/ Tarragona, 80 (Pol. Ind. Casa Nova), 17181 Aiguaviva (Girona) i inscrita al Registre Mercantil de Girona, Tom 2094, Llibre 0, Foli 1, Full GI-35227, Insc. il\u00b7l\u00edcit de la informaci\u00f3 apareguda a les p\u00e0gines d&#8217;Internet de www.sanopack.com L&#8217;usuari respondr\u00e0 dels danys i els perjudicis que SANOPACK, S.L. pugui patir [&hellip;]","og_url":"https:\/\/sanopack.com\/ca\/avis-legal\/","og_site_name":"Sanopack Innovation","article_modified_time":"2025-07-27T09:11:30+00:00","twitter_card":"summary_large_image","twitter_misc":{"Temps estimat de lectura":"2 minuts"},"schema":{"@context":"https:\/\/schema.org","@graph":[{"@type":"WebPage","@id":"https:\/\/sanopack.com\/ca\/avis-legal\/","url":"https:\/\/sanopack.com\/ca\/avis-legal\/","name":"Av\u00eds legal - Sanopack Innovation","isPartOf":{"@id":"https:\/\/sanopack.com\/#website"},"datePublished":"2023-07-03T15:30:33+00:00","dateModified":"2025-07-27T09:11:30+00:00","breadcrumb":{"@id":"https:\/\/sanopack.com\/ca\/avis-legal\/#breadcrumb"},"inLanguage":"ca","potentialAction":[{"@type":"ReadAction","target":["https:\/\/sanopack.com\/ca\/avis-legal\/"]}]},{"@type":"BreadcrumbList","@id":"https:\/\/sanopack.com\/ca\/avis-legal\/#breadcrumb","itemListElement":[{"@type":"ListItem","position":1,"name":"Portada","item":"https:\/\/sanopack.com\/"},{"@type":"ListItem","position":2,"name":"Av\u00eds legal"}]},{"@type":"WebSite","@id":"https:\/\/sanopack.com\/#website","url":"https:\/\/sanopack.com\/","name":"Sanopack Innovation","description":"Sanopack Innovation es una consultora y empresa de I+D que desarrolla soluciones de packaging y papeles alimentarios, protectores y circulares para la industria alimentaria y de la salud.","publisher":{"@id":"https:\/\/sanopack.com\/#organization"},"potentialAction":[{"@type":"SearchAction","target":{"@type":"EntryPoint","urlTemplate":"https:\/\/sanopack.com\/?s={search_term_string}"},"query-input":{"@type":"PropertyValueSpecification","valueRequired":true,"valueName":"search_term_string"}}],"inLanguage":"ca"},{"@type":"Organization","@id":"https:\/\/sanopack.com\/#organization","name":"Sanopack Innovation","url":"https:\/\/sanopack.com\/","logo":{"@type":"ImageObject","inLanguage":"ca","@id":"https:\/\/sanopack.com\/#\/schema\/logo\/image\/","url":"https:\/\/sanopack.com\/wp-content\/uploads\/2023\/11\/sanopack.png","contentUrl":"https:\/\/sanopack.com\/wp-content\/uploads\/2023\/11\/sanopack.png","width":249,"height":73,"caption":"Sanopack Innovation"},"image":{"@id":"https:\/\/sanopack.com\/#\/schema\/logo\/image\/"},"sameAs":["https:\/\/www.instagram.com\/sanopackinnovation\/","https:\/\/www.linkedin.com\/company\/sanopackinnovation\/"]}]}},"_links":{"self":[{"href":"https:\/\/sanopack.com\/ca\/wp-json\/wp\/v2\/pages\/1680","targetHints":{"allow":["GET"]}}],"collection":[{"href":"https:\/\/sanopack.com\/ca\/wp-json\/wp\/v2\/pages"}],"about":[{"href":"https:\/\/sanopack.com\/ca\/wp-json\/wp\/v2\/types\/page"}],"author":[{"embeddable":true,"href":"https:\/\/sanopack.com\/ca\/wp-json\/wp\/v2\/users\/1"}],"replies":[{"embeddable":true,"href":"https:\/\/sanopack.com\/ca\/wp-json\/wp\/v2\/comments?post=1680"}],"version-history":[{"count":1,"href":"https:\/\/sanopack.com\/ca\/wp-json\/wp\/v2\/pages\/1680\/revisions"}],"predecessor-version":[{"id":1681,"href":"https:\/\/sanopack.com\/ca\/wp-json\/wp\/v2\/pages\/1680\/revisions\/1681"}],"wp:attachment":[{"href":"https:\/\/sanopack.com\/ca\/wp-json\/wp\/v2\/media?parent=1680"}],"curies":[{"name":"wp","href":"https:\/\/api.w.org\/{rel}","templated":true}]}}